{"id":605,"date":"2025-12-31T18:59:02","date_gmt":"2025-12-31T17:59:02","guid":{"rendered":"https:\/\/project-santisimodh.creciendoconinternet.com\/?page_id=605"},"modified":"2025-12-31T19:55:56","modified_gmt":"2025-12-31T18:55:56","slug":"lugar","status":"publish","type":"page","link":"https:\/\/project-santisimodh.creciendoconinternet.com\/index.php\/lugar\/","title":{"rendered":"Lugar"},"content":{"rendered":"\t\t<div data-elementor-type=\"wp-page\" data-elementor-id=\"605\" class=\"elementor elementor-605\">\n\t\t\t\t<div class=\"elementor-element elementor-element-6c096d4 e-con-full e-flex e-con e-parent\" data-id=\"6c096d4\" data-element_type=\"container\" data-settings=\"{&quot;background_background&quot;:&quot;classic&quot;}\">\n\t\t<div class=\"elementor-element elementor-element-8901cfe e-flex e-con-boxed e-con e-child\" data-id=\"8901cfe\" data-element_type=\"container\">\n\t\t\t\t\t<div class=\"e-con-inner\">\n\t\t\t\t<div class=\"elementor-element elementor-element-8fee65c elementor-widget__width-initial elementor-widget elementor-widget-image\" data-id=\"8fee65c\" data-element_type=\"widget\" data-widget_type=\"image.default\">\n\t\t\t\t\t\t\t\t\t\t\t\t\t\t\t<img decoding=\"async\" width=\"250\" height=\"128\" src=\"https:\/\/project-santisimodh.creciendoconinternet.com\/wp-content\/uploads\/2025\/12\/decorado-titulo.png\" class=\"attachment-medium size-medium wp-image-213\" alt=\"\" \/>\t\t\t\t\t\t\t\t\t\t\t\t\t\t\t<\/div>\n\t\t\t\t<div class=\"elementor-element elementor-element-baf0aa5 elementor-widget elementor-widget-heading\" data-id=\"baf0aa5\" data-element_type=\"widget\" data-widget_type=\"heading.default\">\n\t\t\t\t\t<h2 class=\"elementor-heading-title elementor-size-default\">Lugar<\/h2>\t\t\t\t<\/div>\n\t\t\t\t\t<\/div>\n\t\t\t\t<\/div>\n\t\t<div class=\"elementor-element elementor-element-a142a4c e-con-full e-flex e-con e-child\" data-id=\"a142a4c\" data-element_type=\"container\">\n\t\t<div class=\"elementor-element elementor-element-8311f92 e-con-full e-flex e-con e-child\" data-id=\"8311f92\" data-element_type=\"container\">\n\t\t<div class=\"elementor-element elementor-element-4006b66 e-con-full e-flex e-con e-child\" data-id=\"4006b66\" data-element_type=\"container\">\n\t\t\t\t<div class=\"elementor-element elementor-element-e24b582 elementor-widget elementor-widget-image\" data-id=\"e24b582\" data-element_type=\"widget\" data-widget_type=\"image.default\">\n\t\t\t\t\t\t\t\t\t\t\t\t\t\t\t<img fetchpriority=\"high\" decoding=\"async\" width=\"683\" height=\"600\" src=\"https:\/\/project-santisimodh.creciendoconinternet.com\/wp-content\/uploads\/2025\/12\/Image_Placeholder-about-1.jpeg\" class=\"attachment-large size-large wp-image-670\" alt=\"\" srcset=\"https:\/\/project-santisimodh.creciendoconinternet.com\/wp-content\/uploads\/2025\/12\/Image_Placeholder-about-1.jpeg 683w, https:\/\/project-santisimodh.creciendoconinternet.com\/wp-content\/uploads\/2025\/12\/Image_Placeholder-about-1-300x264.jpeg 300w\" sizes=\"(max-width: 683px) 100vw, 683px\" \/>\t\t\t\t\t\t\t\t\t\t\t\t\t\t\t<\/div>\n\t\t\t\t<div class=\"elementor-element elementor-element-ca9966d elementor-widget elementor-widget-image\" data-id=\"ca9966d\" data-element_type=\"widget\" data-widget_type=\"image.default\">\n\t\t\t\t\t\t\t\t\t\t\t\t\t\t\t<img fetchpriority=\"high\" decoding=\"async\" width=\"683\" height=\"600\" src=\"https:\/\/project-santisimodh.creciendoconinternet.com\/wp-content\/uploads\/2025\/12\/Image_Placeholder-about-1.jpeg\" class=\"attachment-large size-large wp-image-670\" alt=\"\" srcset=\"https:\/\/project-santisimodh.creciendoconinternet.com\/wp-content\/uploads\/2025\/12\/Image_Placeholder-about-1.jpeg 683w, https:\/\/project-santisimodh.creciendoconinternet.com\/wp-content\/uploads\/2025\/12\/Image_Placeholder-about-1-300x264.jpeg 300w\" sizes=\"(max-width: 683px) 100vw, 683px\" \/>\t\t\t\t\t\t\t\t\t\t\t\t\t\t\t<\/div>\n\t\t\t\t<\/div>\n\t\t<div class=\"elementor-element elementor-element-2bc89e2 e-con-full e-flex e-con e-child\" data-id=\"2bc89e2\" data-element_type=\"container\">\n\t\t\t\t<div class=\"elementor-element elementor-element-d782741 elementor-widget elementor-widget-image\" data-id=\"d782741\" data-element_type=\"widget\" data-widget_type=\"image.default\">\n\t\t\t\t\t\t\t\t\t\t\t\t\t\t\t<img fetchpriority=\"high\" decoding=\"async\" width=\"683\" height=\"600\" src=\"https:\/\/project-santisimodh.creciendoconinternet.com\/wp-content\/uploads\/2025\/12\/Image_Placeholder-about-1.jpeg\" class=\"attachment-large size-large wp-image-670\" alt=\"\" srcset=\"https:\/\/project-santisimodh.creciendoconinternet.com\/wp-content\/uploads\/2025\/12\/Image_Placeholder-about-1.jpeg 683w, https:\/\/project-santisimodh.creciendoconinternet.com\/wp-content\/uploads\/2025\/12\/Image_Placeholder-about-1-300x264.jpeg 300w\" sizes=\"(max-width: 683px) 100vw, 683px\" \/>\t\t\t\t\t\t\t\t\t\t\t\t\t\t\t<\/div>\n\t\t\t\t<div class=\"elementor-element elementor-element-d56e725 elementor-widget elementor-widget-image\" data-id=\"d56e725\" data-element_type=\"widget\" data-widget_type=\"image.default\">\n\t\t\t\t\t\t\t\t\t\t\t\t\t\t\t<img fetchpriority=\"high\" decoding=\"async\" width=\"683\" height=\"600\" src=\"https:\/\/project-santisimodh.creciendoconinternet.com\/wp-content\/uploads\/2025\/12\/Image_Placeholder-about-1.jpeg\" class=\"attachment-large size-large wp-image-670\" alt=\"\" srcset=\"https:\/\/project-santisimodh.creciendoconinternet.com\/wp-content\/uploads\/2025\/12\/Image_Placeholder-about-1.jpeg 683w, https:\/\/project-santisimodh.creciendoconinternet.com\/wp-content\/uploads\/2025\/12\/Image_Placeholder-about-1-300x264.jpeg 300w\" sizes=\"(max-width: 683px) 100vw, 683px\" \/>\t\t\t\t\t\t\t\t\t\t\t\t\t\t\t<\/div>\n\t\t\t\t<\/div>\n\t\t\t\t<\/div>\n\t\t<div class=\"elementor-element elementor-element-3892866 e-con-full e-flex e-con e-child\" data-id=\"3892866\" data-element_type=\"container\">\n\t\t\t\t<div class=\"elementor-element elementor-element-9863118 elementor-widget elementor-widget-text-editor\" data-id=\"9863118\" data-element_type=\"widget\" data-widget_type=\"text-editor.default\">\n\t\t\t\t\t\t\t\t\t<p>Cerro mirador Salvidachayoc en la comunidad de San Isidro Chic\u00f3n en el distrito y provincia de Urubamba, Cusco, Peru.<\/p><p>La zona de llegada es el estadio de San Isidro Chic\u00f3n se ubica a 3.1kms (8 minutos en auto) del cruce de la carretera con la Av Mariscal Castilla (Centro de URUBAMBA).<\/p><p>\u00a0<\/p><p>La zona de partida est\u00e1 ubicada a 5 kms del estadio de San Isidro o un aproximado de 14 minutos en auto. Se sube al mirador Salvidachayoc.<\/p><p>\u00a0<\/p><p>La comunidad San Isidro Chic\u00f3n est\u00e1 ubicada a pies del nevado Chic\u00f3n a 3,100 metros de altura. Su cercan\u00eda al nevado genera un microclima ligeramente m\u00e1s fr\u00edo y h\u00famedo, lo hace m\u00e1s propenso a lluvias, generando flora y fauna \u00fanicos y cuenta con \u00e1reas de conservaci\u00f3n de SERFOR. La autopista principal se ubica en la quebrada formada del r\u00edo del deshielo del nevado que se convierte en la Av Mariscal Castilla.<\/p><p>\u00a0<\/p><p>La provincia de Urubamba est\u00e1 situada a una hora y media de la ciudad de Cusco que alberga el aeropuerto m\u00e1s cercano. La ciudad de Urubamba est\u00e1 muy acostumbrada al turismo contando con excelentes servicios tur\u00edsticos como hoteles, restaurantes, transportes etc. Podr\u00e1n ver sugerencias de alojamientos, transportes y restaurantes en nuestra p\u00e1gina web.<\/p>\t\t\t\t\t\t\t\t<\/div>\n\t\t\t\t<\/div>\n\t\t\t\t<\/div>\n\t\t\t\t<\/div>\n\t\t<div class=\"elementor-element elementor-element-6247f0f e-flex e-con-boxed e-con e-parent\" data-id=\"6247f0f\" data-element_type=\"container\" data-settings=\"{&quot;background_background&quot;:&quot;classic&quot;}\">\n\t\t\t\t\t<div class=\"e-con-inner\">\n\t\t<div class=\"elementor-element elementor-element-bc9346c e-con-full e-flex e-con e-child\" data-id=\"bc9346c\" data-element_type=\"container\">\n\t\t\t\t<div class=\"elementor-element elementor-element-44746c0 elementor-widget__width-initial elementor-widget elementor-widget-image\" data-id=\"44746c0\" data-element_type=\"widget\" data-widget_type=\"image.default\">\n\t\t\t\t\t\t\t\t\t\t\t\t\t\t\t<img decoding=\"async\" width=\"250\" height=\"128\" src=\"https:\/\/project-santisimodh.creciendoconinternet.com\/wp-content\/uploads\/2025\/12\/decorado-titulo.png\" class=\"attachment-medium size-medium wp-image-213\" alt=\"\" \/>\t\t\t\t\t\t\t\t\t\t\t\t\t\t\t<\/div>\n\t\t\t\t<div class=\"elementor-element elementor-element-4f9998d elementor-widget elementor-widget-heading\" data-id=\"4f9998d\" data-element_type=\"widget\" data-widget_type=\"heading.default\">\n\t\t\t\t\t<h2 class=\"elementor-heading-title elementor-size-default\">Informaci\u00f3n general<\/h2>\t\t\t\t<\/div>\n\t\t\t\t<div class=\"elementor-element elementor-element-cb3f491 elementor-widget elementor-widget-heading\" data-id=\"cb3f491\" data-element_type=\"widget\" data-widget_type=\"heading.default\">\n\t\t\t\t\t<h2 class=\"elementor-heading-title elementor-size-default\">San Isidro Chicon<\/h2>\t\t\t\t<\/div>\n\t\t\t\t<div class=\"elementor-element elementor-element-ae208e9 elementor-icon-list--layout-traditional elementor-list-item-link-full_width elementor-widget elementor-widget-icon-list\" data-id=\"ae208e9\" data-element_type=\"widget\" data-widget_type=\"icon-list.default\">\n\t\t\t\t\t\t\t<ul class=\"elementor-icon-list-items\">\n\t\t\t\t\t\t\t<li class=\"elementor-icon-list-item\">\n\t\t\t\t\t\t\t\t\t\t\t<span class=\"elementor-icon-list-icon\">\n\t\t\t\t\t\t\t<svg aria-hidden=\"true\" class=\"e-font-icon-svg e-fas-check\" viewBox=\"0 0 512 512\" xmlns=\"http:\/\/www.w3.org\/2000\/svg\"><path d=\"M173.898 439.404l-166.4-166.4c-9.997-9.997-9.997-26.206 0-36.204l36.203-36.204c9.997-9.998 26.207-9.998 36.204 0L192 312.69 432.095 72.596c9.997-9.997 26.207-9.997 36.204 0l36.203 36.204c9.997 9.997 9.997 26.206 0 36.204l-294.4 294.401c-9.998 9.997-26.207 9.997-36.204-.001z\"><\/path><\/svg>\t\t\t\t\t\t<\/span>\n\t\t\t\t\t\t\t\t\t\t<span class=\"elementor-icon-list-text\">Se encuentra a 10 minutos de Urubamba<\/span>\n\t\t\t\t\t\t\t\t\t<\/li>\n\t\t\t\t\t\t\t\t<li class=\"elementor-icon-list-item\">\n\t\t\t\t\t\t\t\t\t\t\t<span class=\"elementor-icon-list-icon\">\n\t\t\t\t\t\t\t<svg aria-hidden=\"true\" class=\"e-font-icon-svg e-fas-check\" viewBox=\"0 0 512 512\" xmlns=\"http:\/\/www.w3.org\/2000\/svg\"><path d=\"M173.898 439.404l-166.4-166.4c-9.997-9.997-9.997-26.206 0-36.204l36.203-36.204c9.997-9.998 26.207-9.998 36.204 0L192 312.69 432.095 72.596c9.997-9.997 26.207-9.997 36.204 0l36.203 36.204c9.997 9.997 9.997 26.206 0 36.204l-294.4 294.401c-9.998 9.997-26.207 9.997-36.204-.001z\"><\/path><\/svg>\t\t\t\t\t\t<\/span>\n\t\t\t\t\t\t\t\t\t\t<span class=\"elementor-icon-list-text\">Visiten Cocha Suntur las ruinas Inca dentro de la comunidad<\/span>\n\t\t\t\t\t\t\t\t\t<\/li>\n\t\t\t\t\t\t\t\t<li class=\"elementor-icon-list-item\">\n\t\t\t\t\t\t\t\t\t\t\t<span class=\"elementor-icon-list-icon\">\n\t\t\t\t\t\t\t<svg aria-hidden=\"true\" class=\"e-font-icon-svg e-fas-check\" viewBox=\"0 0 512 512\" xmlns=\"http:\/\/www.w3.org\/2000\/svg\"><path d=\"M173.898 439.404l-166.4-166.4c-9.997-9.997-9.997-26.206 0-36.204l36.203-36.204c9.997-9.998 26.207-9.998 36.204 0L192 312.69 432.095 72.596c9.997-9.997 26.207-9.997 36.204 0l36.203 36.204c9.997 9.997 9.997 26.206 0 36.204l-294.4 294.401c-9.998 9.997-26.207 9.997-36.204-.001z\"><\/path><\/svg>\t\t\t\t\t\t<\/span>\n\t\t\t\t\t\t\t\t\t\t<span class=\"elementor-icon-list-text\">Se encuentra a pies del nevado Chic\u00f3n dando unos grados mas bajos que la ciudad de Urubamba<\/span>\n\t\t\t\t\t\t\t\t\t<\/li>\n\t\t\t\t\t\t<\/ul>\n\t\t\t\t\t\t<\/div>\n\t\t\t\t<div class=\"elementor-element elementor-element-15d3675 elementor-widget elementor-widget-heading\" data-id=\"15d3675\" data-element_type=\"widget\" data-widget_type=\"heading.default\">\n\t\t\t\t\t<h2 class=\"elementor-heading-title elementor-size-default\">Urubamba<\/h2>\t\t\t\t<\/div>\n\t\t\t\t<div class=\"elementor-element elementor-element-6702ef0 elementor-icon-list--layout-traditional elementor-list-item-link-full_width elementor-widget elementor-widget-icon-list\" data-id=\"6702ef0\" data-element_type=\"widget\" data-widget_type=\"icon-list.default\">\n\t\t\t\t\t\t\t<ul class=\"elementor-icon-list-items\">\n\t\t\t\t\t\t\t<li class=\"elementor-icon-list-item\">\n\t\t\t\t\t\t\t\t\t\t\t<span class=\"elementor-icon-list-icon\">\n\t\t\t\t\t\t\t<svg aria-hidden=\"true\" class=\"e-font-icon-svg e-fas-check\" viewBox=\"0 0 512 512\" xmlns=\"http:\/\/www.w3.org\/2000\/svg\"><path d=\"M173.898 439.404l-166.4-166.4c-9.997-9.997-9.997-26.206 0-36.204l36.203-36.204c9.997-9.998 26.207-9.998 36.204 0L192 312.69 432.095 72.596c9.997-9.997 26.207-9.997 36.204 0l36.203 36.204c9.997 9.997 9.997 26.206 0 36.204l-294.4 294.401c-9.998 9.997-26.207 9.997-36.204-.001z\"><\/path><\/svg>\t\t\t\t\t\t<\/span>\n\t\t\t\t\t\t\t\t\t\t<span class=\"elementor-icon-list-text\">Capital del Valle Sagrado de los Incas esta ciudad es la capital de la provincia de Urubamba.<\/span>\n\t\t\t\t\t\t\t\t\t<\/li>\n\t\t\t\t\t\t\t\t<li class=\"elementor-icon-list-item\">\n\t\t\t\t\t\t\t\t\t\t\t<span class=\"elementor-icon-list-icon\">\n\t\t\t\t\t\t\t<svg aria-hidden=\"true\" class=\"e-font-icon-svg e-fas-check\" viewBox=\"0 0 512 512\" xmlns=\"http:\/\/www.w3.org\/2000\/svg\"><path d=\"M173.898 439.404l-166.4-166.4c-9.997-9.997-9.997-26.206 0-36.204l36.203-36.204c9.997-9.998 26.207-9.998 36.204 0L192 312.69 432.095 72.596c9.997-9.997 26.207-9.997 36.204 0l36.203 36.204c9.997 9.997 9.997 26.206 0 36.204l-294.4 294.401c-9.998 9.997-26.207 9.997-36.204-.001z\"><\/path><\/svg>\t\t\t\t\t\t<\/span>\n\t\t\t\t\t\t\t\t\t\t<span class=\"elementor-icon-list-text\">Rodeada de r\u00edos afluentes al gran R\u00edo Vilcanota, rodeado de monta\u00f1as.<\/span>\n\t\t\t\t\t\t\t\t\t<\/li>\n\t\t\t\t\t\t\t\t<li class=\"elementor-icon-list-item\">\n\t\t\t\t\t\t\t\t\t\t\t<span class=\"elementor-icon-list-icon\">\n\t\t\t\t\t\t\t<svg aria-hidden=\"true\" class=\"e-font-icon-svg e-fas-check\" viewBox=\"0 0 512 512\" xmlns=\"http:\/\/www.w3.org\/2000\/svg\"><path d=\"M173.898 439.404l-166.4-166.4c-9.997-9.997-9.997-26.206 0-36.204l36.203-36.204c9.997-9.998 26.207-9.998 36.204 0L192 312.69 432.095 72.596c9.997-9.997 26.207-9.997 36.204 0l36.203 36.204c9.997 9.997 9.997 26.206 0 36.204l-294.4 294.401c-9.998 9.997-26.207 9.997-36.204-.001z\"><\/path><\/svg>\t\t\t\t\t\t<\/span>\n\t\t\t\t\t\t\t\t\t\t<span class=\"elementor-icon-list-text\">Altura 2,800 msnm.<\/span>\n\t\t\t\t\t\t\t\t\t<\/li>\n\t\t\t\t\t\t\t\t<li class=\"elementor-icon-list-item\">\n\t\t\t\t\t\t\t\t\t\t\t<span class=\"elementor-icon-list-icon\">\n\t\t\t\t\t\t\t<svg aria-hidden=\"true\" class=\"e-font-icon-svg e-fas-check\" viewBox=\"0 0 512 512\" xmlns=\"http:\/\/www.w3.org\/2000\/svg\"><path d=\"M173.898 439.404l-166.4-166.4c-9.997-9.997-9.997-26.206 0-36.204l36.203-36.204c9.997-9.998 26.207-9.998 36.204 0L192 312.69 432.095 72.596c9.997-9.997 26.207-9.997 36.204 0l36.203 36.204c9.997 9.997 9.997 26.206 0 36.204l-294.4 294.401c-9.998 9.997-26.207 9.997-36.204-.001z\"><\/path><\/svg>\t\t\t\t\t\t<\/span>\n\t\t\t\t\t\t\t\t\t\t<span class=\"elementor-icon-list-text\">Ubicado a 1 hora 30 min de la ciudad de Cusco.<\/span>\n\t\t\t\t\t\t\t\t\t<\/li>\n\t\t\t\t\t\t\t\t<li class=\"elementor-icon-list-item\">\n\t\t\t\t\t\t\t\t\t\t\t<span class=\"elementor-icon-list-icon\">\n\t\t\t\t\t\t\t<svg aria-hidden=\"true\" class=\"e-font-icon-svg e-fas-check\" viewBox=\"0 0 512 512\" xmlns=\"http:\/\/www.w3.org\/2000\/svg\"><path d=\"M173.898 439.404l-166.4-166.4c-9.997-9.997-9.997-26.206 0-36.204l36.203-36.204c9.997-9.998 26.207-9.998 36.204 0L192 312.69 432.095 72.596c9.997-9.997 26.207-9.997 36.204 0l36.203 36.204c9.997 9.997 9.997 26.206 0 36.204l-294.4 294.401c-9.998 9.997-26.207 9.997-36.204-.001z\"><\/path><\/svg>\t\t\t\t\t\t<\/span>\n\t\t\t\t\t\t\t\t\t\t<span class=\"elementor-icon-list-text\">Importantes centros tur\u00edsticos como: Palacio de Huanyaqapac, Cocha Suntur, \u00d1aupa iglesia, Ollantaytambo, andenes de Yucay, Salineras de Maras y laboratorio Inca de Moray.<\/span>\n\t\t\t\t\t\t\t\t\t<\/li>\n\t\t\t\t\t\t<\/ul>\n\t\t\t\t\t\t<\/div>\n\t\t\t\t<div class=\"elementor-element elementor-element-62088e5 elementor-widget elementor-widget-heading\" data-id=\"62088e5\" data-element_type=\"widget\" data-widget_type=\"heading.default\">\n\t\t\t\t\t<h2 class=\"elementor-heading-title elementor-size-default\">\u00bfC\u00f3mo llegar?<\/h2>\t\t\t\t<\/div>\n\t\t\t\t<div class=\"elementor-element elementor-element-615ef1f elementor-icon-list--layout-traditional elementor-list-item-link-full_width elementor-widget elementor-widget-icon-list\" data-id=\"615ef1f\" data-element_type=\"widget\" data-widget_type=\"icon-list.default\">\n\t\t\t\t\t\t\t<ul class=\"elementor-icon-list-items\">\n\t\t\t\t\t\t\t<li class=\"elementor-icon-list-item\">\n\t\t\t\t\t\t\t\t\t\t\t<span class=\"elementor-icon-list-icon\">\n\t\t\t\t\t\t\t<svg aria-hidden=\"true\" class=\"e-font-icon-svg e-fas-plane\" viewBox=\"0 0 576 512\" xmlns=\"http:\/\/www.w3.org\/2000\/svg\"><path d=\"M480 192H365.71L260.61 8.06A16.014 16.014 0 0 0 246.71 0h-65.5c-10.63 0-18.3 10.17-15.38 20.39L214.86 192H112l-43.2-57.6c-3.02-4.03-7.77-6.4-12.8-6.4H16.01C5.6 128-2.04 137.78.49 147.88L32 256 .49 364.12C-2.04 374.22 5.6 384 16.01 384H56c5.04 0 9.78-2.37 12.8-6.4L112 320h102.86l-49.03 171.6c-2.92 10.22 4.75 20.4 15.38 20.4h65.5c5.74 0 11.04-3.08 13.89-8.06L365.71 320H480c35.35 0 96-28.65 96-64s-60.65-64-96-64z\"><\/path><\/svg>\t\t\t\t\t\t<\/span>\n\t\t\t\t\t\t\t\t\t\t<span class=\"elementor-icon-list-text\">Via aerea por aerlineas Latam, Jet Smart entre otras www.latam.comncia de Urubamba.<\/span>\n\t\t\t\t\t\t\t\t\t<\/li>\n\t\t\t\t\t\t\t\t<li class=\"elementor-icon-list-item\">\n\t\t\t\t\t\t\t\t\t\t\t<span class=\"elementor-icon-list-icon\">\n\t\t\t\t\t\t\t<svg aria-hidden=\"true\" class=\"e-font-icon-svg e-fas-bus\" viewBox=\"0 0 512 512\" xmlns=\"http:\/\/www.w3.org\/2000\/svg\"><path d=\"M488 128h-8V80c0-44.8-99.2-80-224-80S32 35.2 32 80v48h-8c-13.25 0-24 10.74-24 24v80c0 13.25 10.75 24 24 24h8v160c0 17.67 14.33 32 32 32v32c0 17.67 14.33 32 32 32h32c17.67 0 32-14.33 32-32v-32h192v32c0 17.67 14.33 32 32 32h32c17.67 0 32-14.33 32-32v-32h6.4c16 0 25.6-12.8 25.6-25.6V256h8c13.25 0 24-10.75 24-24v-80c0-13.26-10.75-24-24-24zM112 400c-17.67 0-32-14.33-32-32s14.33-32 32-32 32 14.33 32 32-14.33 32-32 32zm16-112c-17.67 0-32-14.33-32-32V128c0-17.67 14.33-32 32-32h256c17.67 0 32 14.33 32 32v128c0 17.67-14.33 32-32 32H128zm272 112c-17.67 0-32-14.33-32-32s14.33-32 32-32 32 14.33 32 32-14.33 32-32 32z\"><\/path><\/svg>\t\t\t\t\t\t<\/span>\n\t\t\t\t\t\t\t\t\t\t<span class=\"elementor-icon-list-text\">V\u00eda terrestre por auto (20 horas desde Lima) o en bus CIVA www.civa.com.perodeado de monta\u00f1as.<\/span>\n\t\t\t\t\t\t\t\t\t<\/li>\n\t\t\t\t\t\t<\/ul>\n\t\t\t\t\t\t<\/div>\n\t\t\t\t<\/div>\n\t\t<div class=\"elementor-element elementor-element-4479f13 e-con-full e-flex e-con e-child\" data-id=\"4479f13\" data-element_type=\"container\">\n\t\t\t\t<div class=\"elementor-element elementor-element-fc24c28 elementor-widget__width-initial elementor-widget elementor-widget-image\" data-id=\"fc24c28\" data-element_type=\"widget\" data-widget_type=\"image.default\">\n\t\t\t\t\t\t\t\t\t\t\t\t\t\t\t<img decoding=\"async\" width=\"250\" height=\"128\" src=\"https:\/\/project-santisimodh.creciendoconinternet.com\/wp-content\/uploads\/2025\/12\/decorado-titulo.png\" class=\"attachment-medium size-medium wp-image-213\" alt=\"\" \/>\t\t\t\t\t\t\t\t\t\t\t\t\t\t\t<\/div>\n\t\t\t\t<div class=\"elementor-element elementor-element-60d71ef elementor-widget elementor-widget-heading\" data-id=\"60d71ef\" data-element_type=\"widget\" data-widget_type=\"heading.default\">\n\t\t\t\t\t<h2 class=\"elementor-heading-title elementor-size-default\">Otros Datos<\/h2>\t\t\t\t<\/div>\n\t\t\t\t<div class=\"elementor-element elementor-element-677610c elementor-widget elementor-widget-heading\" data-id=\"677610c\" data-element_type=\"widget\" data-widget_type=\"heading.default\">\n\t\t\t\t\t<h2 class=\"elementor-heading-title elementor-size-default\">Hospedajes:<\/h2>\t\t\t\t<\/div>\n\t\t\t\t<div class=\"elementor-element elementor-element-c07cd48 elementor-widget elementor-widget-text-editor\" data-id=\"c07cd48\" data-element_type=\"widget\" data-widget_type=\"text-editor.default\">\n\t\t\t\t\t\t\t\t\t<ul><li>MUJU by AMAK: www.mujuhoteles.com<\/li><li>Arariwa &#8211; Urubamba<\/li><\/ul><p>\u00a0<\/p>\t\t\t\t\t\t\t\t<\/div>\n\t\t\t\t<div class=\"elementor-element elementor-element-ebd8a86 elementor-widget elementor-widget-heading\" data-id=\"ebd8a86\" data-element_type=\"widget\" data-widget_type=\"heading.default\">\n\t\t\t\t\t<h2 class=\"elementor-heading-title elementor-size-default\">Centros de Salud:<\/h2>\t\t\t\t<\/div>\n\t\t\t\t<div class=\"elementor-element elementor-element-4919f2e elementor-widget elementor-widget-text-editor\" data-id=\"4919f2e\" data-element_type=\"widget\" data-widget_type=\"text-editor.default\">\n\t\t\t\t\t\t\t\t\t<ul><li>(Pendiente)<\/li><\/ul>\t\t\t\t\t\t\t\t<\/div>\n\t\t\t\t<div class=\"elementor-element elementor-element-312516f elementor-widget elementor-widget-heading\" data-id=\"312516f\" data-element_type=\"widget\" data-widget_type=\"heading.default\">\n\t\t\t\t\t<h2 class=\"elementor-heading-title elementor-size-default\">Transporte:<\/h2>\t\t\t\t<\/div>\n\t\t\t\t<div class=\"elementor-element elementor-element-7211a9f elementor-widget elementor-widget-text-editor\" data-id=\"7211a9f\" data-element_type=\"widget\" data-widget_type=\"text-editor.default\">\n\t\t\t\t\t\t\t\t\t<ul><li>Norberto +51 956336377<\/li><li>Fernando +51 991052978<\/li><li>Happy Riding +51 962752376<\/li><\/ul>\t\t\t\t\t\t\t\t<\/div>\n\t\t\t\t<div class=\"elementor-element elementor-element-c201c12 elementor-widget elementor-widget-heading\" data-id=\"c201c12\" data-element_type=\"widget\" data-widget_type=\"heading.default\">\n\t\t\t\t\t<h2 class=\"elementor-heading-title elementor-size-default\">Restaurantes:<\/h2>\t\t\t\t<\/div>\n\t\t\t\t<div class=\"elementor-element elementor-element-069294a elementor-widget elementor-widget-text-editor\" data-id=\"069294a\" data-element_type=\"widget\" data-widget_type=\"text-editor.default\">\n\t\t\t\t\t\t\t\t\t<ul><li>(Pendiente)<\/li><\/ul>\t\t\t\t\t\t\t\t<\/div>\n\t\t\t\t<\/div>\n\t\t\t\t\t<\/div>\n\t\t\t\t<\/div>\n\t\t\t\t<\/div>\n\t\t","protected":false},"excerpt":{"rendered":"<p>Lugar Cerro mirador Salvidachayoc en la comunidad de San Isidro Chic\u00f3n en el distrito y provincia de Urubamba, Cusco, Peru. La zona de llegada es el estadio de San Isidro Chic\u00f3n se ubica a 3.1kms (8 minutos en auto) del cruce de la carretera con la Av Mariscal Castilla (Centro de URUBAMBA). \u00a0 La zona [&hellip;]<\/p>\n","protected":false},"author":1,"featured_media":44,"parent":0,"menu_order":0,"comment_status":"closed","ping_status":"closed","template":"elementor_header_footer","meta":{"footnotes":""},"class_list":["post-605","page","type-page","status-publish","has-post-thumbnail","hentry"],"_links":{"self":[{"href":"https:\/\/project-santisimodh.creciendoconinternet.com\/index.php\/wp-json\/wp\/v2\/pages\/605","targetHints":{"allow":["GET"]}}],"collection":[{"href":"https:\/\/project-santisimodh.creciendoconinternet.com\/index.php\/wp-json\/wp\/v2\/pages"}],"about":[{"href":"https:\/\/project-santisimodh.creciendoconinternet.com\/index.php\/wp-json\/wp\/v2\/types\/page"}],"author":[{"embeddable":true,"href":"https:\/\/project-santisimodh.creciendoconinternet.com\/index.php\/wp-json\/wp\/v2\/users\/1"}],"replies":[{"embeddable":true,"href":"https:\/\/project-santisimodh.creciendoconinternet.com\/index.php\/wp-json\/wp\/v2\/comments?post=605"}],"version-history":[{"count":61,"href":"https:\/\/project-santisimodh.creciendoconinternet.com\/index.php\/wp-json\/wp\/v2\/pages\/605\/revisions"}],"predecessor-version":[{"id":678,"href":"https:\/\/project-santisimodh.creciendoconinternet.com\/index.php\/wp-json\/wp\/v2\/pages\/605\/revisions\/678"}],"wp:featuredmedia":[{"embeddable":true,"href":"https:\/\/project-santisimodh.creciendoconinternet.com\/index.php\/wp-json\/wp\/v2\/media\/44"}],"wp:attachment":[{"href":"https:\/\/project-santisimodh.creciendoconinternet.com\/index.php\/wp-json\/wp\/v2\/media?parent=605"}],"curies":[{"name":"wp","href":"https:\/\/api.w.org\/{rel}","templated":true}]}}